{"id":15926,"date":"2018-03-22T14:38:49","date_gmt":"2018-03-22T14:38:49","guid":{"rendered":"https:\/\/mikanaturalist2.com\/iletisim\/"},"modified":"2019-06-02T09:42:01","modified_gmt":"2019-06-02T09:42:01","slug":"contact","status":"publish","type":"page","link":"https:\/\/mikanaturalist2.com\/en\/contact\/","title":{"rendered":"CONTACT"},"content":{"rendered":"<p>[vc_row css_animation=&#8221;&#8221; row_type=&#8221;row&#8221; use_row_as_full_screen_section=&#8221;no&#8221; type=&#8221;full_width&#8221; angled_section=&#8221;no&#8221; text_align=&#8221;left&#8221; background_image_as_pattern=&#8221;without_pattern&#8221;][vc_column parallax=&#8221;content-moving&#8221; parallax_image=&#8221;15689&#8243; css=&#8221;.vc_custom_1528317835158{padding-top: 350px !important;padding-bottom: 350px !important;}&#8221;][vc_column_text]<\/p>\n<h1 style=\"text-align: center; color: #fff;\"><strong>CONTACT<\/strong><\/h1>\n<p>[\/vc_column_text][\/vc_column][\/vc_row][vc_row css_animation=&#8221;&#8221; row_type=&#8221;row&#8221; use_row_as_full_screen_section=&#8221;no&#8221; type=&#8221;full_width&#8221; angled_section=&#8221;no&#8221; text_align=&#8221;left&#8221; background_image_as_pattern=&#8221;without_pattern&#8221;][vc_column][vc_empty_space][\/vc_column][\/vc_row][vc_row css_animation=&#8221;&#8221; row_type=&#8221;row&#8221; use_row_as_full_screen_section=&#8221;no&#8221; type=&#8221;full_width&#8221; angled_section=&#8221;no&#8221; text_align=&#8221;left&#8221; background_image_as_pattern=&#8221;without_pattern&#8221; z_index=&#8221;&#8221; css=&#8221;.vc_custom_1526328769276{padding-right: 16px !important;padding-left: 16px !important;}&#8221;][vc_column width=&#8221;1\/2&#8243;][vc_column_text]<\/p>\n<h2>Contact Form<\/h2>\n<p>You can ask your questions using this form. We will return to you as soon as possible.[\/vc_column_text][vc_empty_space height=&#8221;60px&#8221;]<div role=\"form\" class=\"wpcf7\" id=\"wpcf7-f15939-o1\" lang=\"tr-TR\" dir=\"ltr\">\n<div class=\"screen-reader-response\"><p role=\"status\" aria-live=\"polite\" aria-atomic=\"true\"><\/p> <ul><\/ul><\/div>\n<form action=\"\/en\/wp-json\/wp\/v2\/pages\/15926#wpcf7-f15939-o1\" method=\"post\" class=\"wpcf7-form init default\" novalidate=\"novalidate\" data-status=\"init\">\n<div style=\"display: none;\">\n<input type=\"hidden\" name=\"_wpcf7\" value=\"15939\" \/>\n<input type=\"hidden\" name=\"_wpcf7_version\" value=\"5.5.6.1\" \/>\n<input type=\"hidden\" name=\"_wpcf7_locale\" value=\"tr_TR\" \/>\n<input type=\"hidden\" name=\"_wpcf7_unit_tag\" value=\"wpcf7-f15939-o1\" \/>\n<input type=\"hidden\" name=\"_wpcf7_container_post\" value=\"0\" \/>\n<input type=\"hidden\" name=\"_wpcf7_posted_data_hash\" value=\"\" \/>\n<\/div>\n<p><span class=\"wpcf7-form-control-wrap adsoyad\"><input type=\"text\" name=\"adsoyad\" value=\"\" size=\"40\" class=\"wpcf7-form-control wpcf7-text wpcf7-validates-as-required\" aria-required=\"true\" aria-invalid=\"false\" placeholder=\"Name \/ Surname\" \/><\/span><\/p>\n<p><span class=\"wpcf7-form-control-wrap eposta\"><input type=\"email\" name=\"eposta\" value=\"\" size=\"40\" class=\"wpcf7-form-control wpcf7-text wpcf7-email wpcf7-validates-as-required wpcf7-validates-as-email\" aria-required=\"true\" aria-invalid=\"false\" placeholder=\"Email\" \/><\/span><\/p>\n<p><span class=\"wpcf7-form-control-wrap telefon\"><input type=\"tel\" name=\"telefon\" value=\"\" size=\"40\" class=\"wpcf7-form-control wpcf7-text wpcf7-tel wpcf7-validates-as-required wpcf7-validates-as-tel\" aria-required=\"true\" aria-invalid=\"false\" placeholder=\"Telephone\" \/><\/span> <\/p>\n<p><span class=\"wpcf7-form-control-wrap mesaj\"><textarea name=\"mesaj\" cols=\"40\" rows=\"10\" class=\"wpcf7-form-control wpcf7-textarea wpcf7-validates-as-required\" aria-required=\"true\" aria-invalid=\"false\" placeholder=\"Message\"><\/textarea><\/span> <\/p>\n<p><input type=\"submit\" value=\"Send\" class=\"wpcf7-form-control has-spinner wpcf7-submit\" \/><\/p>\n<div class=\"wpcf7-response-output\" aria-hidden=\"true\"><\/div><\/form><\/div>[\/vc_column][vc_column width=&#8221;1\/2&#8243;]<div class='google_map_shortcode_holder' style='height:600px;'><div class='qode_google_map' style='height:600px;' id='map_canvas_67710' data-addresses='[\"Koru Road, \u0130nci Street, No: 3 Kemerburgaz \/ Istanbul\"]' data-custom-map-style='false' data-color-overlay='#393939' data-saturation='-100' data-lightness='-60' data-zoom='12' data-pin='https:\/\/mikanaturalist2.com\/wp-content\/uploads\/2018\/05\/mika-marker.png' data-unique-id='67710' data-google-maps-scroll-wheel='true' data-snazzy-map-style='yes' data-map-height='600'><\/div><input type=\"hidden\" class=\"qode-snazzy-map\" value=\"`{`\n{\n``featureType``: ``landscape``,\n``stylers``: `{`\n{\n``saturation``: -100\n},\n{\n``lightness``: 60\n}\n`}`\n},\n{\n``featureType``: ``road.local``,\n``stylers``: `{`\n{\n``saturation``: -100\n},\n{\n``lightness``: 40\n},\n{\n``visibility``: ``on``\n}\n`}`\n},\n{\n``featureType``: ``transit``,\n``stylers``: `{`\n{\n``saturation``: -100\n},\n{\n``visibility``: ``simplified``\n}\n`}`\n},\n{\n``featureType``: ``administrative.province``,\n``stylers``: `{`\n{\n``visibility``: ``off``\n}\n`}`\n},\n{\n``featureType``: ``water``,\n``stylers``: `{`\n{\n``visibility``: ``on``\n},\n{\n``lightness``: 30\n}\n`}`\n},\n{\n``featureType``: ``road.highway``,\n``elementType``: ``geometry.fill``,\n``stylers``: `{`\n{\n``color``: ``#ef8c25``\n},\n{\n``lightness``: 40\n}\n`}`\n},\n{\n``featureType``: ``road.highway``,\n``elementType``: ``geometry.stroke``,\n``stylers``: `{`\n{\n``visibility``: ``off``\n}\n`}`\n},\n{\n``featureType``: ``poi.park``,\n``elementType``: ``geometry.fill``,\n``stylers``: `{`\n{\n``color``: ``#b6c54c``\n},\n{\n``lightness``: 40\n},\n{\n``saturation``: -40\n}\n`}`\n},\n{}\n`}` \" \/><\/div>[vc_row_inner row_type=&#8221;row&#8221; type=&#8221;full_width&#8221; text_align=&#8221;left&#8221; css_animation=&#8221;&#8221;][vc_column_inner width=&#8221;1\/2&#8243;]\n\n\t<a href=\"https:\/\/www.google.com\/maps\/dir\/Current+Location\/41.162317,28.915569\" target=\"_blank\"  class=\"qode-btn qode-btn-medium qode-btn-solid qode-btn-icon qode-btn-default-hover\"  >\n\t    <span class=\"qode-btn-text\">GOOGLE DIRECTIONS<\/span><span class=\"qode-button-v2-icon-holder\"  ><i class=\"qode_icon_font_awesome fa fa-map-signs qode-button-v2-icon-holder-inner\" ><\/i><\/span>\t<\/a>\n\n[\/vc_column_inner][vc_column_inner width=&#8221;1\/2&#8243;]\n\n\t<a href=\"https:\/\/yandex.com.tr\/harita\/-\/CBqzi2d89B\" target=\"_blank\"  class=\"qode-btn qode-btn-medium qode-btn-solid qode-btn-icon qode-btn-default-hover\"  >\n\t    <span class=\"qode-btn-text\">YANDEX DIRECTIONS<\/span><span class=\"qode-button-v2-icon-holder\"  ><i class=\"qode_icon_font_awesome fa fa-map-marker qode-button-v2-icon-holder-inner\" ><\/i><\/span>\t<\/a>\n\n[\/vc_column_inner][\/vc_row_inner][\/vc_column][\/vc_row][vc_row css_animation=&#8221;&#8221; row_type=&#8221;row&#8221; use_row_as_full_screen_section=&#8221;no&#8221; type=&#8221;full_width&#8221; angled_section=&#8221;no&#8221; text_align=&#8221;left&#8221; background_image_as_pattern=&#8221;without_pattern&#8221;][vc_column][vc_empty_space][\/vc_column][\/vc_row]<\/p>\n","protected":false},"excerpt":{"rendered":"<p>[vc_row css_animation=&#8221;&#8221; row_type=&#8221;row&#8221; use_row_as_full_screen_section=&#8221;no&#8221; type=&#8221;full_width&#8221; angled_section=&#8221;no&#8221; text_align=&#8221;left&#8221; background_image_as_pattern=&#8221;without_pattern&#8221;][vc_column parallax=&#8221;content-moving&#8221; parallax_image=&#8221;15689&#8243; css=&#8221;.vc_custom_1528317835158{padding-top: 350px !important;padding-bottom: 350px !important;}&#8221;][vc_column_text] CONTACT [\/vc_column_text][\/vc_column][\/vc_row][vc_row css_animation=&#8221;&#8221; row_type=&#8221;row&#8221; use_row_as_full_screen_section=&#8221;no&#8221; type=&#8221;full_width&#8221; angled_section=&#8221;no&#8221; text_align=&#8221;left&#8221; background_image_as_pattern=&#8221;without_pattern&#8221;][vc_column][vc_empty_space][\/vc_column][\/vc_row][vc_row css_animation=&#8221;&#8221; row_type=&#8221;row&#8221; use_row_as_full_screen_section=&#8221;no&#8221; type=&#8221;full_width&#8221; angled_section=&#8221;no&#8221; text_align=&#8221;left&#8221; background_image_as_pattern=&#8221;without_pattern&#8221; z_index=&#8221;&#8221; css=&#8221;.vc_custom_1526328769276{padding-right: 16px !important;padding-left: 16px !important;}&#8221;][vc_column width=&#8221;1\/2&#8243;][vc_column_text] Contact Form You can ask your questions&#8230;<\/p>\n","protected":false},"author":1,"featured_media":0,"parent":0,"menu_order":0,"comment_status":"closed","ping_status":"closed","template":"full_width.php","meta":[],"yoast_head":"<!-- This site is optimized with the Yoast SEO plugin v18.4.1 - https:\/\/yoast.com\/wordpress\/plugins\/seo\/ -->\n<title>Contact - Mika Naturalist 2<\/title>\n<meta name=\"description\" content=\"Koru Road Inci Street. No: 3 Kemerburgaz \/ Istanbul - info@mika.com.tr. We are waiting for you to our sales office. Call now! 0 (212) 360 22 72.\" \/>\n<meta name=\"robots\" content=\"index, follow, max-snippet:-1, max-image-preview:large, max-video-preview:-1\" \/>\n<link rel=\"canonical\" href=\"https:\/\/mikanaturalist2.com\/en\/contact\/\" \/>\n<meta property=\"og:locale\" content=\"en_US\" \/>\n<meta property=\"og:type\" content=\"article\" \/>\n<meta property=\"og:title\" content=\"Contact - Mika Naturalist 2\" \/>\n<meta property=\"og:description\" content=\"Koru Road Inci Street. No: 3 Kemerburgaz \/ Istanbul - info@mika.com.tr. We are waiting for you to our sales office. Call now! 0 (212) 360 22 72.\" \/>\n<meta property=\"og:url\" content=\"https:\/\/mikanaturalist2.com\/en\/contact\/\" \/>\n<meta property=\"og:site_name\" content=\"Mika Naturalist 2\" \/>\n<meta property=\"article:modified_time\" content=\"2019-06-02T09:42:01+00:00\" \/>\n<meta name=\"twitter:card\" content=\"summary_large_image\" \/>\n<meta name=\"twitter:title\" content=\"\u0130leti\u015fim - Mika Naturalist 2\" \/>\n<meta name=\"twitter:description\" content=\"Koru Caddesi \u0130nci Sok. No: 3 Kemerburgaz \/ \u0130stanbul - info@mika.com.tr. Sizi Sat\u0131\u015f Ofisimize Bekliyoruz. Randevunuzu al\u0131n! 0 (212) 360 22 72.\" \/>\n<meta name=\"twitter:image\" content=\"https:\/\/mikanaturalist2.com\/wp-content\/uploads\/2018\/03\/naturalist-2-harita.jpg\" \/>\n<meta name=\"twitter:label1\" content=\"Est. reading time\" \/>\n\t<meta name=\"twitter:data1\" content=\"2 minutes\" \/>\n<script type=\"application\/ld+json\" class=\"yoast-schema-graph\">{\"@context\":\"https:\/\/schema.org\",\"@graph\":[{\"@type\":\"WebSite\",\"@id\":\"https:\/\/mikanaturalist2.com\/#website\",\"url\":\"https:\/\/mikanaturalist2.com\/\",\"name\":\"Mika Naturalist 2\",\"description\":\"Kemerburgaz\",\"potentialAction\":[{\"@type\":\"SearchAction\",\"target\":{\"@type\":\"EntryPoint\",\"urlTemplate\":\"https:\/\/mikanaturalist2.com\/?s={search_term_string}\"},\"query-input\":\"required name=search_term_string\"}],\"inLanguage\":\"en-US\"},{\"@type\":\"ImageObject\",\"@id\":\"https:\/\/mikanaturalist2.com\/en\/contact\/#primaryimage\",\"inLanguage\":\"en-US\",\"url\":\"\",\"contentUrl\":\"\"},{\"@type\":\"WebPage\",\"@id\":\"https:\/\/mikanaturalist2.com\/en\/contact\/#webpage\",\"url\":\"https:\/\/mikanaturalist2.com\/en\/contact\/\",\"name\":\"Contact - Mika Naturalist 2\",\"isPartOf\":{\"@id\":\"https:\/\/mikanaturalist2.com\/#website\"},\"datePublished\":\"2018-03-22T14:38:49+00:00\",\"dateModified\":\"2019-06-02T09:42:01+00:00\",\"description\":\"Koru Road Inci Street. No: 3 Kemerburgaz \/ Istanbul - info@mika.com.tr. We are waiting for you to our sales office. Call now! 0 (212) 360 22 72.\",\"breadcrumb\":{\"@id\":\"https:\/\/mikanaturalist2.com\/en\/contact\/#breadcrumb\"},\"inLanguage\":\"en-US\",\"potentialAction\":[{\"@type\":\"ReadAction\",\"target\":[\"https:\/\/mikanaturalist2.com\/en\/contact\/\"]}]},{\"@type\":\"BreadcrumbList\",\"@id\":\"https:\/\/mikanaturalist2.com\/en\/contact\/#breadcrumb\",\"itemListElement\":[{\"@type\":\"ListItem\",\"position\":1,\"name\":\"CONTACT\"}]}]}<\/script>\n<!-- \/ Yoast SEO plugin. -->","yoast_head_json":{"title":"Contact - Mika Naturalist 2","description":"Koru Road Inci Street. No: 3 Kemerburgaz \/ Istanbul - info@mika.com.tr. We are waiting for you to our sales office. Call now! 0 (212) 360 22 72.","robots":{"index":"index","follow":"follow","max-snippet":"max-snippet:-1","max-image-preview":"max-image-preview:large","max-video-preview":"max-video-preview:-1"},"canonical":"https:\/\/mikanaturalist2.com\/en\/contact\/","og_locale":"en_US","og_type":"article","og_title":"Contact - Mika Naturalist 2","og_description":"Koru Road Inci Street. No: 3 Kemerburgaz \/ Istanbul - info@mika.com.tr. We are waiting for you to our sales office. Call now! 0 (212) 360 22 72.","og_url":"https:\/\/mikanaturalist2.com\/en\/contact\/","og_site_name":"Mika Naturalist 2","article_modified_time":"2019-06-02T09:42:01+00:00","twitter_card":"summary_large_image","twitter_title":"\u0130leti\u015fim - Mika Naturalist 2","twitter_description":"Koru Caddesi \u0130nci Sok. No: 3 Kemerburgaz \/ \u0130stanbul - info@mika.com.tr. Sizi Sat\u0131\u015f Ofisimize Bekliyoruz. Randevunuzu al\u0131n! 0 (212) 360 22 72.","twitter_image":"https:\/\/mikanaturalist2.com\/wp-content\/uploads\/2018\/03\/naturalist-2-harita.jpg","twitter_misc":{"Est. reading time":"2 minutes"},"schema":{"@context":"https:\/\/schema.org","@graph":[{"@type":"WebSite","@id":"https:\/\/mikanaturalist2.com\/#website","url":"https:\/\/mikanaturalist2.com\/","name":"Mika Naturalist 2","description":"Kemerburgaz","potentialAction":[{"@type":"SearchAction","target":{"@type":"EntryPoint","urlTemplate":"https:\/\/mikanaturalist2.com\/?s={search_term_string}"},"query-input":"required name=search_term_string"}],"inLanguage":"en-US"},{"@type":"ImageObject","@id":"https:\/\/mikanaturalist2.com\/en\/contact\/#primaryimage","inLanguage":"en-US","url":"","contentUrl":""},{"@type":"WebPage","@id":"https:\/\/mikanaturalist2.com\/en\/contact\/#webpage","url":"https:\/\/mikanaturalist2.com\/en\/contact\/","name":"Contact - Mika Naturalist 2","isPartOf":{"@id":"https:\/\/mikanaturalist2.com\/#website"},"datePublished":"2018-03-22T14:38:49+00:00","dateModified":"2019-06-02T09:42:01+00:00","description":"Koru Road Inci Street. No: 3 Kemerburgaz \/ Istanbul - info@mika.com.tr. We are waiting for you to our sales office. Call now! 0 (212) 360 22 72.","breadcrumb":{"@id":"https:\/\/mikanaturalist2.com\/en\/contact\/#breadcrumb"},"inLanguage":"en-US","potentialAction":[{"@type":"ReadAction","target":["https:\/\/mikanaturalist2.com\/en\/contact\/"]}]},{"@type":"BreadcrumbList","@id":"https:\/\/mikanaturalist2.com\/en\/contact\/#breadcrumb","itemListElement":[{"@type":"ListItem","position":1,"name":"CONTACT"}]}]}},"_links":{"self":[{"href":"https:\/\/mikanaturalist2.com\/en\/wp-json\/wp\/v2\/pages\/15926"}],"collection":[{"href":"https:\/\/mikanaturalist2.com\/en\/wp-json\/wp\/v2\/pages"}],"about":[{"href":"https:\/\/mikanaturalist2.com\/en\/wp-json\/wp\/v2\/types\/page"}],"author":[{"embeddable":true,"href":"https:\/\/mikanaturalist2.com\/en\/wp-json\/wp\/v2\/users\/1"}],"replies":[{"embeddable":true,"href":"https:\/\/mikanaturalist2.com\/en\/wp-json\/wp\/v2\/comments?post=15926"}],"version-history":[{"count":3,"href":"https:\/\/mikanaturalist2.com\/en\/wp-json\/wp\/v2\/pages\/15926\/revisions"}],"predecessor-version":[{"id":15940,"href":"https:\/\/mikanaturalist2.com\/en\/wp-json\/wp\/v2\/pages\/15926\/revisions\/15940"}],"wp:attachment":[{"href":"https:\/\/mikanaturalist2.com\/en\/wp-json\/wp\/v2\/media?parent=15926"}],"curies":[{"name":"wp","href":"https:\/\/api.w.org\/{rel}","templated":true}]}}