{"id":15907,"date":"2018-03-23T18:30:27","date_gmt":"2018-03-23T18:30:27","guid":{"rendered":"https:\/\/mikanaturalist2.com\/galeri\/"},"modified":"2019-06-06T09:40:07","modified_gmt":"2019-06-06T09:40:07","slug":"gallery","status":"publish","type":"page","link":"https:\/\/mikanaturalist2.com\/en\/gallery\/","title":{"rendered":"GALLERY"},"content":{"rendered":"<p>[vc_row css_animation=&#8221;&#8221; row_type=&#8221;row&#8221; use_row_as_full_screen_section=&#8221;no&#8221; type=&#8221;full_width&#8221; angled_section=&#8221;no&#8221; text_align=&#8221;left&#8221; background_image_as_pattern=&#8221;without_pattern&#8221;][vc_column parallax=&#8221;content-moving&#8221; parallax_image=&#8221;14929&#8243; css=&#8221;.vc_custom_1526318822137{padding-top: 350px !important;padding-bottom: 350px !important;}&#8221;][vc_column_text]<\/p>\n<h1 style=\"text-align: center; color: #fff;\"><strong>GALLERY<\/strong><\/h1>\n<p>[\/vc_column_text][\/vc_column][\/vc_row][vc_row css_animation=&#8221;&#8221; row_type=&#8221;row&#8221; use_row_as_full_screen_section=&#8221;no&#8221; type=&#8221;full_width&#8221; angled_section=&#8221;no&#8221; text_align=&#8221;left&#8221; background_image_as_pattern=&#8221;without_pattern&#8221;][vc_column]<div class=\"call_to_action normal\" style=\"background-color: #1d5978;\"><div class=\"container_inner\"><div class=\"two_columns_75_25 clearfix\"><div class=\"text_wrapper column1\"><div class=\"call_to_action_text \" style=\"\">\n<h3><span style=\"color: #ffffff; font-size: 26px;\">Request a Call Back<br \/>\n<\/span><\/h3>\n<\/div><\/div><div class=\"button_wrapper column2\"><a itemprop=\"url\" href=\"\/lp\/001\" class=\"qbutton white \" target=\"_self\" style=\"color: #ffffff;border-color: #ffffff;\"data-hover-background-color=#ffffff data-hover-border-color=#ffffff data-hover-color=#000000>CALL ME<\/a><\/div><\/div><\/div><\/div>[\/vc_column][\/vc_row][vc_row css_animation=&#8221;&#8221; row_type=&#8221;row&#8221; use_row_as_full_screen_section=&#8221;no&#8221; type=&#8221;full_width&#8221; angled_section=&#8221;no&#8221; text_align=&#8221;left&#8221; background_image_as_pattern=&#8221;without_pattern&#8221;][vc_column width=&#8221;1\/6&#8243;][\/vc_column][vc_column width=&#8221;2\/3&#8243; css=&#8221;.vc_custom_1526500589537{padding-right: 25px !important;padding-left: 25px !important;}&#8221;][vc_empty_space][vc_column_text]<\/p>\n<h1 style=\"text-align: center;\">EXCLUSIVE LIFESTYLE<br \/>\nIN NATURAL\u0130ST 2<\/h1>\n<p>[\/vc_column_text][vc_column_text]<\/p>\n<h3 style=\"text-align: center;\">Returning back home and feeling peaceful after a day\u2019s rush and knowing your home meets your expectations is priceless.<\/h3>\n<p>[\/vc_column_text][\/vc_column][vc_column width=&#8221;1\/6&#8243;][\/vc_column][\/vc_row][vc_row css_animation=&#8221;&#8221; row_type=&#8221;row&#8221; use_row_as_full_screen_section=&#8221;no&#8221; type=&#8221;full_width&#8221; angled_section=&#8221;no&#8221; text_align=&#8221;left&#8221; background_image_as_pattern=&#8221;without_pattern&#8221;][vc_column][vc_empty_space][vc_gallery type=&#8221;image_grid&#8221; images=&#8221;15702,15687,15688,15689,15690,15691,15693,356,14899,14936,357,14929,14925,14927,14928,14926,14930,14931,358,14932,14933&#8243; img_size=&#8221;600&#215;600&#8243; css_animation=&#8221;none&#8221; column_number=&#8221;3&#8243; grayscale=&#8221;no&#8221; images_space=&#8221;gallery_without_space&#8221;][\/vc_column][\/vc_row][vc_row css_animation=&#8221;&#8221; row_type=&#8221;row&#8221; use_row_as_full_screen_section=&#8221;no&#8221; type=&#8221;full_width&#8221; angled_section=&#8221;no&#8221; text_align=&#8221;left&#8221; background_image_as_pattern=&#8221;without_pattern&#8221;][vc_column]<div class=\"call_to_action normal\" style=\"background-color: #1d5978;\"><div class=\"container_inner\"><div class=\"two_columns_75_25 clearfix\"><div class=\"text_wrapper column1\"><div class=\"call_to_action_text \" style=\"\">\n<h3><span style=\"color: #ffffff; font-size: 26px;\">Request a Call Back<br \/>\n<\/span><\/h3>\n<\/div><\/div><div class=\"button_wrapper column2\"><a itemprop=\"url\" href=\"\/lp\/001\" class=\"qbutton white \" target=\"_self\" style=\"color: #ffffff;border-color: #ffffff;\"data-hover-background-color=#ffffff data-hover-border-color=#ffffff data-hover-color=#000000>CALL ME<\/a><\/div><\/div><\/div><\/div>[\/vc_column][\/vc_row]<\/p>\n","protected":false},"excerpt":{"rendered":"<p>[vc_row css_animation=&#8221;&#8221; row_type=&#8221;row&#8221; use_row_as_full_screen_section=&#8221;no&#8221; type=&#8221;full_width&#8221; angled_section=&#8221;no&#8221; text_align=&#8221;left&#8221; background_image_as_pattern=&#8221;without_pattern&#8221;][vc_column parallax=&#8221;content-moving&#8221; parallax_image=&#8221;14929&#8243; css=&#8221;.vc_custom_1526318822137{padding-top: 350px !important;padding-bottom: 350px !important;}&#8221;][vc_column_text] GALLERY [\/vc_column_text][\/vc_column][\/vc_row][vc_row css_animation=&#8221;&#8221; row_type=&#8221;row&#8221; use_row_as_full_screen_section=&#8221;no&#8221; type=&#8221;full_width&#8221; angled_section=&#8221;no&#8221; text_align=&#8221;left&#8221; background_image_as_pattern=&#8221;without_pattern&#8221;][vc_column][\/vc_column][\/vc_row][vc_row css_animation=&#8221;&#8221; row_type=&#8221;row&#8221; use_row_as_full_screen_section=&#8221;no&#8221; type=&#8221;full_width&#8221; angled_section=&#8221;no&#8221; text_align=&#8221;left&#8221; background_image_as_pattern=&#8221;without_pattern&#8221;][vc_column width=&#8221;1\/6&#8243;][\/vc_column][vc_column width=&#8221;2\/3&#8243; css=&#8221;.vc_custom_1526500589537{padding-right: 25px !important;padding-left: 25px !important;}&#8221;][vc_empty_space][vc_column_text] EXCLUSIVE LIFESTYLE IN NATURAL\u0130ST 2 [\/vc_column_text][vc_column_text] Returning&#8230;<\/p>\n","protected":false},"author":1,"featured_media":0,"parent":0,"menu_order":0,"comment_status":"closed","ping_status":"closed","template":"full_width.php","meta":[],"yoast_head":"<!-- This site is optimized with the Yoast SEO plugin v18.4.1 - https:\/\/yoast.com\/wordpress\/plugins\/seo\/ -->\n<title>Gallery - Mika Naturalist 2<\/title>\n<meta name=\"description\" content=\"You can browse both external and internal images of Naturalist 2 from the Gallery page.\" \/>\n<meta name=\"robots\" content=\"index, follow, max-snippet:-1, max-image-preview:large, max-video-preview:-1\" \/>\n<link rel=\"canonical\" href=\"https:\/\/mikanaturalist2.com\/en\/gallery\/\" \/>\n<meta property=\"og:locale\" content=\"en_US\" \/>\n<meta property=\"og:type\" content=\"article\" \/>\n<meta property=\"og:title\" content=\"Gallery - Mika Naturalist 2\" \/>\n<meta property=\"og:description\" content=\"You can browse both external and internal images of Naturalist 2 from the Gallery page.\" \/>\n<meta property=\"og:url\" content=\"https:\/\/mikanaturalist2.com\/en\/gallery\/\" \/>\n<meta property=\"og:site_name\" content=\"Mika Naturalist 2\" \/>\n<meta property=\"article:modified_time\" content=\"2019-06-06T09:40:07+00:00\" \/>\n<meta property=\"og:image\" content=\"https:\/\/mikanaturalist2.com\/wp-content\/uploads\/2018\/03\/06-kucuk-salon.jpg\" \/>\n\t<meta property=\"og:image:width\" content=\"2000\" \/>\n\t<meta property=\"og:image:height\" content=\"1300\" \/>\n\t<meta property=\"og:image:type\" content=\"image\/jpeg\" \/>\n<meta name=\"twitter:card\" content=\"summary_large_image\" \/>\n<meta name=\"twitter:title\" content=\"Galeri - Mika Naturalist 2\" \/>\n<meta name=\"twitter:description\" content=\"Galeri sayfas\u0131ndan Naturalist 2 ile ilgili hem d\u0131\u015f hem de i\u00e7 g\u00f6rsellere g\u00f6z atabilirsiniz.\" \/>\n<meta name=\"twitter:image\" content=\"https:\/\/mikanaturalist2.com\/wp-content\/uploads\/2018\/03\/06-kucuk-salon.jpg\" \/>\n<meta name=\"twitter:label1\" content=\"Est. reading time\" \/>\n\t<meta name=\"twitter:data1\" content=\"2 minutes\" \/>\n<script type=\"application\/ld+json\" class=\"yoast-schema-graph\">{\"@context\":\"https:\/\/schema.org\",\"@graph\":[{\"@type\":\"WebSite\",\"@id\":\"https:\/\/mikanaturalist2.com\/#website\",\"url\":\"https:\/\/mikanaturalist2.com\/\",\"name\":\"Mika Naturalist 2\",\"description\":\"Kemerburgaz\",\"potentialAction\":[{\"@type\":\"SearchAction\",\"target\":{\"@type\":\"EntryPoint\",\"urlTemplate\":\"https:\/\/mikanaturalist2.com\/?s={search_term_string}\"},\"query-input\":\"required name=search_term_string\"}],\"inLanguage\":\"en-US\"},{\"@type\":\"ImageObject\",\"@id\":\"https:\/\/mikanaturalist2.com\/en\/gallery\/#primaryimage\",\"inLanguage\":\"en-US\",\"url\":\"https:\/\/mikanaturalist2.com\/wp-content\/uploads\/2018\/03\/06-kucuk-salon.jpg\",\"contentUrl\":\"https:\/\/mikanaturalist2.com\/wp-content\/uploads\/2018\/03\/06-kucuk-salon.jpg\",\"width\":2000,\"height\":1300},{\"@type\":\"WebPage\",\"@id\":\"https:\/\/mikanaturalist2.com\/en\/gallery\/#webpage\",\"url\":\"https:\/\/mikanaturalist2.com\/en\/gallery\/\",\"name\":\"Gallery - Mika Naturalist 2\",\"isPartOf\":{\"@id\":\"https:\/\/mikanaturalist2.com\/#website\"},\"datePublished\":\"2018-03-23T18:30:27+00:00\",\"dateModified\":\"2019-06-06T09:40:07+00:00\",\"description\":\"You can browse both external and internal images of Naturalist 2 from the Gallery page.\",\"breadcrumb\":{\"@id\":\"https:\/\/mikanaturalist2.com\/en\/gallery\/#breadcrumb\"},\"inLanguage\":\"en-US\",\"potentialAction\":[{\"@type\":\"ReadAction\",\"target\":[\"https:\/\/mikanaturalist2.com\/en\/gallery\/\"]}]},{\"@type\":\"BreadcrumbList\",\"@id\":\"https:\/\/mikanaturalist2.com\/en\/gallery\/#breadcrumb\",\"itemListElement\":[{\"@type\":\"ListItem\",\"position\":1,\"name\":\"GALLERY\"}]}]}<\/script>\n<!-- \/ Yoast SEO plugin. -->","yoast_head_json":{"title":"Gallery - Mika Naturalist 2","description":"You can browse both external and internal images of Naturalist 2 from the Gallery page.","robots":{"index":"index","follow":"follow","max-snippet":"max-snippet:-1","max-image-preview":"max-image-preview:large","max-video-preview":"max-video-preview:-1"},"canonical":"https:\/\/mikanaturalist2.com\/en\/gallery\/","og_locale":"en_US","og_type":"article","og_title":"Gallery - Mika Naturalist 2","og_description":"You can browse both external and internal images of Naturalist 2 from the Gallery page.","og_url":"https:\/\/mikanaturalist2.com\/en\/gallery\/","og_site_name":"Mika Naturalist 2","article_modified_time":"2019-06-06T09:40:07+00:00","og_image":[{"width":2000,"height":1300,"url":"https:\/\/mikanaturalist2.com\/wp-content\/uploads\/2018\/03\/06-kucuk-salon.jpg","type":"image\/jpeg"}],"twitter_card":"summary_large_image","twitter_title":"Galeri - Mika Naturalist 2","twitter_description":"Galeri sayfas\u0131ndan Naturalist 2 ile ilgili hem d\u0131\u015f hem de i\u00e7 g\u00f6rsellere g\u00f6z atabilirsiniz.","twitter_image":"https:\/\/mikanaturalist2.com\/wp-content\/uploads\/2018\/03\/06-kucuk-salon.jpg","twitter_misc":{"Est. reading time":"2 minutes"},"schema":{"@context":"https:\/\/schema.org","@graph":[{"@type":"WebSite","@id":"https:\/\/mikanaturalist2.com\/#website","url":"https:\/\/mikanaturalist2.com\/","name":"Mika Naturalist 2","description":"Kemerburgaz","potentialAction":[{"@type":"SearchAction","target":{"@type":"EntryPoint","urlTemplate":"https:\/\/mikanaturalist2.com\/?s={search_term_string}"},"query-input":"required name=search_term_string"}],"inLanguage":"en-US"},{"@type":"ImageObject","@id":"https:\/\/mikanaturalist2.com\/en\/gallery\/#primaryimage","inLanguage":"en-US","url":"https:\/\/mikanaturalist2.com\/wp-content\/uploads\/2018\/03\/06-kucuk-salon.jpg","contentUrl":"https:\/\/mikanaturalist2.com\/wp-content\/uploads\/2018\/03\/06-kucuk-salon.jpg","width":2000,"height":1300},{"@type":"WebPage","@id":"https:\/\/mikanaturalist2.com\/en\/gallery\/#webpage","url":"https:\/\/mikanaturalist2.com\/en\/gallery\/","name":"Gallery - Mika Naturalist 2","isPartOf":{"@id":"https:\/\/mikanaturalist2.com\/#website"},"datePublished":"2018-03-23T18:30:27+00:00","dateModified":"2019-06-06T09:40:07+00:00","description":"You can browse both external and internal images of Naturalist 2 from the Gallery page.","breadcrumb":{"@id":"https:\/\/mikanaturalist2.com\/en\/gallery\/#breadcrumb"},"inLanguage":"en-US","potentialAction":[{"@type":"ReadAction","target":["https:\/\/mikanaturalist2.com\/en\/gallery\/"]}]},{"@type":"BreadcrumbList","@id":"https:\/\/mikanaturalist2.com\/en\/gallery\/#breadcrumb","itemListElement":[{"@type":"ListItem","position":1,"name":"GALLERY"}]}]}},"_links":{"self":[{"href":"https:\/\/mikanaturalist2.com\/en\/wp-json\/wp\/v2\/pages\/15907"}],"collection":[{"href":"https:\/\/mikanaturalist2.com\/en\/wp-json\/wp\/v2\/pages"}],"about":[{"href":"https:\/\/mikanaturalist2.com\/en\/wp-json\/wp\/v2\/types\/page"}],"author":[{"embeddable":true,"href":"https:\/\/mikanaturalist2.com\/en\/wp-json\/wp\/v2\/users\/1"}],"replies":[{"embeddable":true,"href":"https:\/\/mikanaturalist2.com\/en\/wp-json\/wp\/v2\/comments?post=15907"}],"version-history":[{"count":3,"href":"https:\/\/mikanaturalist2.com\/en\/wp-json\/wp\/v2\/pages\/15907\/revisions"}],"predecessor-version":[{"id":15960,"href":"https:\/\/mikanaturalist2.com\/en\/wp-json\/wp\/v2\/pages\/15907\/revisions\/15960"}],"wp:attachment":[{"href":"https:\/\/mikanaturalist2.com\/en\/wp-json\/wp\/v2\/media?parent=15907"}],"curies":[{"name":"wp","href":"https:\/\/api.w.org\/{rel}","templated":true}]}}